{"id":7985,"date":"2025-04-20T22:51:56","date_gmt":"2025-04-20T20:51:56","guid":{"rendered":"https:\/\/pittaistanbul.com\/?page_id=7985"},"modified":"2025-05-25T19:42:11","modified_gmt":"2025-05-25T17:42:11","slug":"main-menu","status":"publish","type":"page","link":"https:\/\/pittaistanbul.com\/?page_id=7985","title":{"rendered":"Main menu"},"content":{"rendered":"\t\t<div data-elementor-type=\"wp-page\" data-elementor-id=\"7985\" class=\"elementor elementor-7985\">\n\t\t\t\t<div class=\"elementor-element elementor-element-3d2ffb3d e-con-full e-flex e-con e-child\" data-id=\"3d2ffb3d\" data-element_type=\"container\">\n\t\t<div class=\"elementor-element elementor-element-31f2e2fb e-con-full e-flex e-con e-child\" data-id=\"31f2e2fb\" data-element_type=\"container\">\n\t\t\t\t<div class=\"elementor-element elementor-element-277c72ed elementor-widget elementor-widget-iheading\" data-id=\"277c72ed\" data-element_type=\"widget\" data-widget_type=\"iheading.default\">\n\t\t\t\t<div class=\"elementor-widget-container\">\n\t\t\t\t\t\t\t<div class=\"xp-heading\">\r\n\t        <span class=\"\">Des saveurs dignes de vos papilles<\/span>\t        <h2 class=\"main-head\">D\u00e9couvrez notre cuisine<\/h2>\t    <\/div>\r\n\t    \t\t\t\t<\/div>\n\t\t\t\t<\/div>\n\t\t\t\t<div class=\"elementor-element elementor-element-6e84c444 border_clr elementor-widget-divider--separator-type-pattern elementor-widget-divider--view-line elementor-widget elementor-widget-divider\" data-id=\"6e84c444\" data-element_type=\"widget\" data-widget_type=\"divider.default\">\n\t\t\t\t<div class=\"elementor-widget-container\">\n\t\t\t\t\t\t\t<div class=\"elementor-divider\" style=\"--divider-pattern-url: url(&quot;data:image\/svg+xml,%3Csvg xmlns=&#039;http:\/\/www.w3.org\/2000\/svg&#039; preserveAspectRatio=&#039;none&#039; overflow=&#039;visible&#039; height=&#039;100%&#039; viewBox=&#039;0 0 24 24&#039; fill=&#039;none&#039; stroke=&#039;black&#039; stroke-width=&#039;1&#039; stroke-linecap=&#039;square&#039; stroke-miterlimit=&#039;10&#039;%3E%3Cpath d=&#039;M0,6c6,0,6,13,12,13S18,6,24,6&#039;\/%3E%3C\/svg%3E&quot;);\">\n\t\t\t<span class=\"elementor-divider-separator\">\n\t\t\t\t\t\t<\/span>\n\t\t<\/div>\n\t\t\t\t\t\t<\/div>\n\t\t\t\t<\/div>\n\t\t\t\t<\/div>\n\t\t<div class=\"elementor-element elementor-element-ffc256a e-con-full e-flex e-con e-child\" data-id=\"ffc256a\" data-element_type=\"container\">\n\t\t<div class=\"elementor-element elementor-element-2e52bf33 e-grid e-con-full e-con e-child\" data-id=\"2e52bf33\" data-element_type=\"container\">\n\t\t<div class=\"elementor-element elementor-element-6f21a184 e-con-full e-flex e-con e-child\" data-id=\"6f21a184\" data-element_type=\"container\" data-settings=\"{&quot;background_background&quot;:&quot;classic&quot;}\">\n\t\t\t\t<div class=\"elementor-element elementor-element-b5b4adb elementor-widget elementor-widget-xp_image_box_food\" data-id=\"b5b4adb\" data-element_type=\"widget\" data-widget_type=\"xp_image_box_food.default\">\n\t\t\t\t<div class=\"elementor-widget-container\">\n\t\t\t\t\t<div class=\"xp_bx_price xp-image-box \"><div class=\"image-box\"><img decoding=\"async\" src=\"https:\/\/pittaistanbul.com\/wp-content\/uploads\/2025\/04\/assi_spec_menu2.png\" alt=\"Image\" \/><\/div><div class=\"content-box image-box-price\"><h6 class=\"title-box\"><a href=\"https:\/\/pittaistanbul.com\/?page_id=8040#assiettes_specialites\">Assiettes Specialites<\/a><\/h6><div class=\"description-box\"><\/div><\/div><\/div>\t\t\t\t<\/div>\n\t\t\t\t<\/div>\n\t\t\t\t<\/div>\n\t\t<div class=\"elementor-element elementor-element-f16f372 e-con-full e-flex e-con e-child\" data-id=\"f16f372\" data-element_type=\"container\" data-settings=\"{&quot;background_background&quot;:&quot;classic&quot;}\">\n\t\t\t\t<div class=\"elementor-element elementor-element-f19dfad elementor-widget elementor-widget-xp_image_box_food\" data-id=\"f19dfad\" data-element_type=\"widget\" data-widget_type=\"xp_image_box_food.default\">\n\t\t\t\t<div class=\"elementor-widget-container\">\n\t\t\t\t\t<div class=\"xp_bx_price xp-image-box \"><div class=\"image-box\"><img decoding=\"async\" src=\"https:\/\/pittaistanbul.com\/wp-content\/uploads\/2025\/04\/assi_garni_menu.png\" alt=\"Image\" \/><\/div><div class=\"content-box image-box-price\"><h6 class=\"title-box\"><a href=\"https:\/\/pittaistanbul.com\/?page_id=8040#assiettes_garnies\">Assiettes Garnies<\/a><\/h6><div class=\"description-box\"><\/div><\/div><\/div>\t\t\t\t<\/div>\n\t\t\t\t<\/div>\n\t\t\t\t<\/div>\n\t\t<div class=\"elementor-element elementor-element-7f9fc214 e-con-full e-flex e-con e-child\" data-id=\"7f9fc214\" data-element_type=\"container\" data-settings=\"{&quot;background_background&quot;:&quot;classic&quot;}\">\n\t\t\t\t<div class=\"elementor-element elementor-element-3930b7d9 elementor-widget elementor-widget-xp_image_box_food\" data-id=\"3930b7d9\" data-element_type=\"widget\" data-widget_type=\"xp_image_box_food.default\">\n\t\t\t\t<div class=\"elementor-widget-container\">\n\t\t\t\t\t<div class=\"xp_bx_price xp-image-box \"><div class=\"image-box\"><img decoding=\"async\" src=\"https:\/\/pittaistanbul.com\/wp-content\/uploads\/2025\/04\/snack.png\" alt=\"Image\" \/><\/div><div class=\"content-box image-box-price\"><h6 class=\"title-box\"><a href=\"https:\/\/pittaistanbul.com\/?page_id=8040#snacks\">Snacks<\/a><\/h6><div class=\"description-box\"><\/div><\/div><\/div>\t\t\t\t<\/div>\n\t\t\t\t<\/div>\n\t\t\t\t<\/div>\n\t\t<div class=\"elementor-element elementor-element-5ba160c e-con-full e-flex e-con e-child\" data-id=\"5ba160c\" data-element_type=\"container\" data-settings=\"{&quot;background_background&quot;:&quot;classic&quot;}\">\n\t\t\t\t<div class=\"elementor-element elementor-element-fd36f02 elementor-widget elementor-widget-xp_image_box_food\" data-id=\"fd36f02\" data-element_type=\"widget\" data-widget_type=\"xp_image_box_food.default\">\n\t\t\t\t<div class=\"elementor-widget-container\">\n\t\t\t\t\t<div class=\"xp_bx_price xp-image-box \"><div class=\"image-box\"><img decoding=\"async\" src=\"https:\/\/pittaistanbul.com\/wp-content\/uploads\/2025\/04\/mitraillettes.png\" alt=\"Image\" \/><\/div><div class=\"content-box image-box-price\"><h6 class=\"title-box\"><a href=\"https:\/\/pittaistanbul.com\/?page_id=8040#mitraillettes\">Mitraillettes<\/a><\/h6><div class=\"description-box\"><\/div><\/div><\/div>\t\t\t\t<\/div>\n\t\t\t\t<\/div>\n\t\t\t\t<\/div>\n\t\t<div class=\"elementor-element elementor-element-402c4d16 e-con-full e-flex e-con e-child\" data-id=\"402c4d16\" data-element_type=\"container\" data-settings=\"{&quot;background_background&quot;:&quot;classic&quot;}\">\n\t\t\t\t<div class=\"elementor-element elementor-element-298f8c2 elementor-widget elementor-widget-xp_image_box_food\" data-id=\"298f8c2\" data-element_type=\"widget\" data-widget_type=\"xp_image_box_food.default\">\n\t\t\t\t<div class=\"elementor-widget-container\">\n\t\t\t\t\t<div class=\"xp_bx_price xp-image-box \"><div class=\"image-box\"><img decoding=\"async\" src=\"https:\/\/pittaistanbul.com\/wp-content\/uploads\/2025\/04\/durum.png\" alt=\"Image\" \/><\/div><div class=\"content-box image-box-price\"><h6 class=\"title-box\"><a href=\"https:\/\/pittaistanbul.com\/?page_id=8040#durum\">D\u00fcr\u00fcm<\/a><\/h6><div class=\"description-box\"><\/div><\/div><\/div>\t\t\t\t<\/div>\n\t\t\t\t<\/div>\n\t\t\t\t<\/div>\n\t\t<div class=\"elementor-element elementor-element-1004e47d e-con-full e-flex e-con e-child\" data-id=\"1004e47d\" data-element_type=\"container\" data-settings=\"{&quot;background_background&quot;:&quot;classic&quot;}\">\n\t\t\t\t<div class=\"elementor-element elementor-element-41e18a44 elementor-widget elementor-widget-xp_image_box_food\" data-id=\"41e18a44\" data-element_type=\"widget\" data-widget_type=\"xp_image_box_food.default\">\n\t\t\t\t<div class=\"elementor-widget-container\">\n\t\t\t\t\t<div class=\"xp_bx_price xp-image-box \"><div class=\"image-box\"><img decoding=\"async\" src=\"https:\/\/pittaistanbul.com\/wp-content\/uploads\/2025\/04\/chicken_menu.png\" alt=\"Image\" \/><\/div><div class=\"content-box image-box-price\"><h6 class=\"title-box\"><a href=\"https:\/\/pittaistanbul.com\/?page_id=8040#chicken\">Chicken<\/a><\/h6><div class=\"description-box\"><\/div><\/div><\/div>\t\t\t\t<\/div>\n\t\t\t\t<\/div>\n\t\t\t\t<\/div>\n\t\t<div class=\"elementor-element elementor-element-3714b935 e-con-full e-flex e-con e-child\" data-id=\"3714b935\" data-element_type=\"container\" data-settings=\"{&quot;background_background&quot;:&quot;classic&quot;}\">\n\t\t\t\t<div class=\"elementor-element elementor-element-4c1f7d0b elementor-widget elementor-widget-xp_image_box_food\" data-id=\"4c1f7d0b\" data-element_type=\"widget\" data-widget_type=\"xp_image_box_food.default\">\n\t\t\t\t<div class=\"elementor-widget-container\">\n\t\t\t\t\t<div class=\"xp_bx_price xp-image-box \"><div class=\"image-box\"><img decoding=\"async\" src=\"https:\/\/pittaistanbul.com\/wp-content\/uploads\/2025\/04\/frites.png\" alt=\"Image\" \/><\/div><div class=\"content-box image-box-price\"><h6 class=\"title-box\"><a href=\"https:\/\/pittaistanbul.com\/?page_id=8040#frites\">Frites<\/a><\/h6><div class=\"description-box\"><\/div><\/div><\/div>\t\t\t\t<\/div>\n\t\t\t\t<\/div>\n\t\t\t\t<\/div>\n\t\t<div class=\"elementor-element elementor-element-2f4456c5 e-con-full e-flex e-con e-child\" data-id=\"2f4456c5\" data-element_type=\"container\" data-settings=\"{&quot;background_background&quot;:&quot;classic&quot;}\">\n\t\t\t\t<div class=\"elementor-element elementor-element-4ddc88ba elementor-widget elementor-widget-xp_image_box_food\" data-id=\"4ddc88ba\" data-element_type=\"widget\" data-widget_type=\"xp_image_box_food.default\">\n\t\t\t\t<div class=\"elementor-widget-container\">\n\t\t\t\t\t<div class=\"xp_bx_price xp-image-box \"><div class=\"image-box\"><img decoding=\"async\" src=\"https:\/\/pittaistanbul.com\/wp-content\/uploads\/2025\/04\/boison.png\" alt=\"Image\" \/><\/div><div class=\"content-box image-box-price\"><h6 class=\"title-box\"><a href=\"https:\/\/pittaistanbul.com\/?page_id=8040#boissons\">Boissons<\/a><\/h6><div class=\"description-box\"><\/div><\/div><\/div>\t\t\t\t<\/div>\n\t\t\t\t<\/div>\n\t\t\t\t<\/div>\n\t\t<div class=\"elementor-element elementor-element-2e88f4c e-con-full e-flex e-con e-child\" data-id=\"2e88f4c\" data-element_type=\"container\" data-settings=\"{&quot;background_background&quot;:&quot;classic&quot;}\">\n\t\t\t\t<div class=\"elementor-element elementor-element-ee137ed elementor-widget elementor-widget-xp_image_box_food\" data-id=\"ee137ed\" data-element_type=\"widget\" data-widget_type=\"xp_image_box_food.default\">\n\t\t\t\t<div class=\"elementor-widget-container\">\n\t\t\t\t\t<div class=\"xp_bx_price xp-image-box \"><div class=\"image-box\"><img decoding=\"async\" src=\"https:\/\/pittaistanbul.com\/wp-content\/uploads\/2025\/04\/desserts.png\" alt=\"Image\" \/><\/div><div class=\"content-box image-box-price\"><h6 class=\"title-box\"><a href=\"https:\/\/pittaistanbul.com\/?page_id=8040#desserts\">Desserts<\/a><\/h6><div class=\"description-box\"><\/div><\/div><\/div>\t\t\t\t<\/div>\n\t\t\t\t<\/div>\n\t\t\t\t<\/div>\n\t\t<div class=\"elementor-element elementor-element-fc6c150 e-con-full e-flex e-con e-child\" data-id=\"fc6c150\" data-element_type=\"container\" data-settings=\"{&quot;background_background&quot;:&quot;classic&quot;}\">\n\t\t\t\t<div class=\"elementor-element elementor-element-7384c3c elementor-widget elementor-widget-xp_image_box_food\" data-id=\"7384c3c\" data-element_type=\"widget\" data-widget_type=\"xp_image_box_food.default\">\n\t\t\t\t<div class=\"elementor-widget-container\">\n\t\t\t\t\t<div class=\"xp_bx_price xp-image-box \"><div class=\"image-box\"><img decoding=\"async\" src=\"https:\/\/pittaistanbul.com\/wp-content\/uploads\/2025\/04\/sauces.png\" alt=\"Image\" \/><\/div><div class=\"content-box image-box-price\"><h6 class=\"title-box\"><a href=\"https:\/\/pittaistanbul.com\/?page_id=8040#sauces\">Les Sauces<\/a><\/h6><div class=\"description-box\"><\/div><\/div><\/div>\t\t\t\t<\/div>\n\t\t\t\t<\/div>\n\t\t\t\t<\/div>\n\t\t\t\t<\/div>\n\t\t\t\t<\/div>\n\t\t<div class=\"elementor-element elementor-element-e72b654 e-con-full e-flex e-con e-child\" data-id=\"e72b654\" data-element_type=\"container\">\n\t\t\t\t<div class=\"elementor-element elementor-element-20e55b3 elementor-view-default elementor-widget elementor-widget-icon\" data-id=\"20e55b3\" data-element_type=\"widget\" data-widget_type=\"icon.default\">\n\t\t\t\t<div class=\"elementor-widget-container\">\n\t\t\t\t\t\t\t<div class=\"elementor-icon-wrapper\">\n\t\t\t<div class=\"elementor-icon\">\n\t\t\t<svg aria-hidden=\"true\" class=\"e-font-icon-svg e-fab-facebook-square\" viewBox=\"0 0 448 512\" xmlns=\"http:\/\/www.w3.org\/2000\/svg\"><path d=\"M400 32H48A48 48 0 0 0 0 80v352a48 48 0 0 0 48 48h137.25V327.69h-63V256h63v-54.64c0-62.15 37-96.48 93.67-96.48 27.14 0 55.52 4.84 55.52 4.84v61h-31.27c-30.81 0-40.42 19.12-40.42 38.73V256h68.78l-11 71.69h-57.78V480H400a48 48 0 0 0 48-48V80a48 48 0 0 0-48-48z\"><\/path><\/svg>\t\t\t<\/div>\n\t\t<\/div>\n\t\t\t\t\t\t<\/div>\n\t\t\t\t<\/div>\n\t\t\t\t<\/div>\n\t\t<div class=\"elementor-element elementor-element-6c93e1c e-con-full e-flex e-con e-child\" data-id=\"6c93e1c\" data-element_type=\"container\">\n\t\t\t\t<div class=\"elementor-element elementor-element-79fa2b0 elementor-align-center elementor-widget elementor-widget-ibutton\" data-id=\"79fa2b0\" data-element_type=\"widget\" data-widget_type=\"ibutton.default\">\n\t\t\t\t<div class=\"elementor-widget-container\">\n\t\t\t\t\t\t\t<div class=\"xp-button\">\r\n\t\t\t<a href=\"https:\/\/www.facebook.com\/p\/Pitta-Istanbul-Dour-100063549249398\/\" class=\"xptf-btn xptf-btn-border elementor-animation-float\">Partagez votre avis sur FB !<\/a>\r\n\t    <\/div>\r\n\t    \t\t\t\t<\/div>\n\t\t\t\t<\/div>\n\t\t\t\t<\/div>\n\t\t\t\t<\/div>\n\t\t\t\t<\/div>\n\t\t","protected":false},"excerpt":{"rendered":"<p>Des saveurs dignes de vos papilles D\u00e9couvrez notre cuisine Assiettes Specialites Assiettes Garnies Snacks Mitraillettes D\u00fcr\u00fcm Chicken Frites Boissons Desserts Les Sauces Partagez votre avis sur FB !<\/p>\n","protected":false},"author":1,"featured_media":0,"parent":0,"menu_order":0,"comment_status":"closed","ping_status":"closed","template":"","meta":{"footnotes":""},"class_list":["post-7985","page","type-page","status-publish","hentry"],"_links":{"self":[{"href":"https:\/\/pittaistanbul.com\/index.php?rest_route=\/wp\/v2\/pages\/7985","targetHints":{"allow":["GET"]}}],"collection":[{"href":"https:\/\/pittaistanbul.com\/index.php?rest_route=\/wp\/v2\/pages"}],"about":[{"href":"https:\/\/pittaistanbul.com\/index.php?rest_route=\/wp\/v2\/types\/page"}],"author":[{"embeddable":true,"href":"https:\/\/pittaistanbul.com\/index.php?rest_route=\/wp\/v2\/users\/1"}],"replies":[{"embeddable":true,"href":"https:\/\/pittaistanbul.com\/index.php?rest_route=%2Fwp%2Fv2%2Fcomments&post=7985"}],"version-history":[{"count":68,"href":"https:\/\/pittaistanbul.com\/index.php?rest_route=\/wp\/v2\/pages\/7985\/revisions"}],"predecessor-version":[{"id":9524,"href":"https:\/\/pittaistanbul.com\/index.php?rest_route=\/wp\/v2\/pages\/7985\/revisions\/9524"}],"wp:attachment":[{"href":"https:\/\/pittaistanbul.com\/index.php?rest_route=%2Fwp%2Fv2%2Fmedia&parent=7985"}],"curies":[{"name":"wp","href":"https:\/\/api.w.org\/{rel}","templated":true}]}}